{"id":229,"date":"2025-10-05T22:20:01","date_gmt":"2025-10-05T20:20:01","guid":{"rendered":"https:\/\/www.philipphofbauer.at\/home\/?page_id=229"},"modified":"2025-10-05T22:20:02","modified_gmt":"2025-10-05T20:20:02","slug":"impressum-2","status":"publish","type":"page","link":"https:\/\/www.philipphofbauer.at\/home\/impressum-2\/","title":{"rendered":"Impressum 2"},"content":{"rendered":"\n[et_pb_section fb_built=&#8220;1&#8243; admin_label=&#8220;Hero Section&#8220; _builder_version=&#8220;4.21.2&#8243; use_background_color_gradient=&#8220;on&#8220; background_color_gradient_direction=&#8220;90deg&#8220; background_color_gradient_stops=&#8220;#f4f0e9 30%|rgba(244,240,233,0) 100%&#8220; background_color_gradient_overlays_image=&#8220;on&#8220; background_color_gradient_start=&#8220;#f4f0e9&#8243; background_color_gradient_start_position=&#8220;30%&#8220; background_color_gradient_end=&#8220;rgba(244,240,233,0)&#8220; background_image=&#8220;https:\/\/www.philipphofbauer.at\/wp-content\/uploads\/2025\/05\/DSC8827-80-scaled.jpg&#8220; background_position=&#8220;center_left&#8220; background_horizontal_offset=&#8220;0%&#8220; custom_margin=&#8220;|||&#8220; custom_padding=&#8220;0.2%|0px|1.6%|0px||&#8220; global_colors_info=&#8220;{}&#8220;][et_pb_row custom_padding_last_edited=&#8220;off|desktop&#8220; admin_label=&#8220;Hero Area&#8220; _builder_version=&#8220;4.16&#8243; custom_padding=&#8220;27px|0px|0px|0px&#8220; global_colors_info=&#8220;{}&#8220;][et_pb_column type=&#8220;4_4&#8243; _builder_version=&#8220;4.16&#8243; custom_padding=&#8220;|||&#8220; global_colors_info=&#8220;{}&#8220; custom_padding__hover=&#8220;|||&#8220;][et_pb_text admin_label=&#8220;Hero Title&#8220; _builder_version=&#8220;4.16&#8243; text_font=&#8220;Playfair Display||||||||&#8220; header_font=&#8220;Alice||||||||&#8220; header_font_size=&#8220;120px&#8220; header_letter_spacing=&#8220;-3px&#8220; header_line_height=&#8220;1.1em&#8220; animation_style=&#8220;slide&#8220; animation_direction=&#8220;left&#8220; animation_intensity_slide=&#8220;5%&#8220; animation_starting_opacity=&#8220;100%&#8220; text_font_size_last_edited=&#8220;off|desktop&#8220; header_font_size_tablet=&#8220;&#8220; header_font_size_phone=&#8220;60px&#8220; header_font_size_last_edited=&#8220;on|phone&#8220; global_colors_info=&#8220;{}&#8220;]<h1>Impressum<\/h1>[\/et_pb_text][et_pb_text _builder_version=&#8220;4.16&#8243; text_font=&#8220;||||||||&#8220; text_font_size=&#8220;18px&#8220; text_line_height=&#8220;1.8em&#8220; header_font=&#8220;||||||||&#8220; max_width=&#8220;500px&#8220; custom_margin=&#8220;|||&#8220; custom_padding=&#8220;||10px|&#8220; animation_style=&#8220;slide&#8220; animation_direction=&#8220;left&#8220; animation_intensity_slide=&#8220;5%&#8220; animation_starting_opacity=&#8220;100%&#8220; global_colors_info=&#8220;{}&#8220;][\/et_pb_text][\/et_pb_column][\/et_pb_row][\/et_pb_section][et_pb_section fb_built=&#8220;1&#8243; admin_label=&#8220;Feature Section&#8220; _builder_version=&#8220;4.16&#8243; background_color=&#8220;#f7f7f7&#8243; background_image=&#8220;https:\/\/www.philipphofbauer.at\/wp-content\/uploads\/2025\/05\/7_img.png&#8220; background_size=&#8220;contain&#8220; background_position=&#8220;bottom_center&#8220; custom_padding=&#8220;110px|0px|0px|0px&#8220; global_colors_info=&#8220;{}&#8220;][et_pb_row admin_label=&#8220;Title Area&#8220; _builder_version=&#8220;4.16&#8243; custom_padding=&#8220;|||&#8220; hover_enabled=&#8220;0&#8243; locked=&#8220;off&#8220; global_colors_info=&#8220;{}&#8220; sticky_enabled=&#8220;0&#8243;][et_pb_column type=&#8220;4_4&#8243; _builder_version=&#8220;4.16&#8243; custom_padding=&#8220;|||&#8220; global_colors_info=&#8220;{}&#8220; custom_padding__hover=&#8220;|||&#8220;][et_pb_text admin_label=&#8220;Title&#8220; _builder_version=&#8220;4.16&#8243; text_font=&#8220;||||||||&#8220; header_font=&#8220;||||||||&#8220; header_2_font=&#8220;Alice||||||||&#8220; header_2_text_align=&#8220;center&#8220; header_2_font_size=&#8220;42px&#8220; header_2_line_height=&#8220;1.3em&#8220; custom_margin=&#8220;||20px|&#8220; animation_style=&#8220;slide&#8220; animation_direction=&#8220;top&#8220; animation_intensity_slide=&#8220;30%&#8220; animation_starting_opacity=&#8220;100%&#8220; global_colors_info=&#8220;{}&#8220;]<h2>Impressum<\/h2>[\/et_pb_text][et_pb_divider color=&#8220;#2a2a2a&#8220; divider_weight=&#8220;3px&#8220; _builder_version=&#8220;4.16&#8243; max_width=&#8220;50px&#8220; module_alignment=&#8220;center&#8220; custom_margin=&#8220;||10px|&#8220; animation_style=&#8220;slide&#8220; animation_direction=&#8220;top&#8220; animation_intensity_slide=&#8220;30%&#8220; animation_starting_opacity=&#8220;100%&#8220; global_colors_info=&#8220;{}&#8220;][\/et_pb_divider][et_pb_text admin_label=&#8220;Subtitle&#8220; _builder_version=&#8220;4.21.2&#8243; text_font=&#8220;||||||||&#8220; text_font_size=&#8220;16px&#8220; text_line_height=&#8220;1.8em&#8220; text_orientation=&#8220;center&#8220; max_width=&#8220;700px&#8220; module_alignment=&#8220;center&#8220; animation_style=&#8220;slide&#8220; animation_direction=&#8220;top&#8220; animation_intensity_slide=&#8220;20%&#8220; animation_starting_opacity=&#8220;100%&#8220; global_colors_info=&#8220;{}&#8220;]<p data-start=\"162\" data-end=\"441\" style=\"text-align: left;\">Diese Website geh\u00f6rt:<\/p>\n<p data-start=\"162\" data-end=\"441\" style=\"text-align: left;\">Philipp Hofbauer<br \/>Teschnergasse 10<br \/>A-1180 Wien<br \/>+43 664 204 24 10<br \/><a href=\"mailto:office@hofbauer-wien.at\">office@hofbauer-wien.at<\/a><\/p>\n<p data-start=\"162\" data-end=\"441\" style=\"text-align: left;\"><a href=\"https:\/\/firmen.wko.at\/philipp-ernst-hofbauer\/wien\/?firmaid=ecd65e7b-7d23-495e-9251-6b34a2a91d88&amp;suchbegriff=philipp%20hofbauer\" target=\"_blank\" rel=\"noreferrer noopener\" class=\"wixui-rich-text__text\"><span class=\"wixui-rich-text__text\">Informationspflicht lt. ECG<\/span><\/a><\/p>\n<p class=\"font_7 wixui-rich-text__text\" style=\"text-align: left;\"><span class=\"wixui-rich-text__text\"><\/span><\/p>\n<p class=\"font_7 wixui-rich-text__text\" style=\"text-align: left;\"><strong><span class=\"wixui-rich-text__text\">Kammern &amp; Berufsverb\u00e4nde<br \/><\/span><\/strong><a href=\"https:\/\/firmen.wko.at\/mag-marion-gartler-marion-gartler-fotografie\/wien\/?firmaid=ccea7603-01ee-4e6e-950b-ddbf0419a150\" target=\"_blank\" rel=\"noreferrer noopener\" class=\"wixui-rich-text__text\" style=\"font-size: 16px;\">Wirtschaftkammer \u00d6sterreich<\/a><br \/><span class=\"wixui-rich-text__text\">Mitglied der Innung der Berufsfotografen<\/span><\/p>\n<p class=\"font_7 wixui-rich-text__text\" style=\"text-align: left;\"><strong><span class=\"wixui-rich-text__text\"><span class=\"wixGuard wixui-rich-text__text\">\u200b<\/span><\/span><\/strong><span class=\"wixui-rich-text__text\"><strong>Berufsbezeichnung<\/strong><br \/><\/span><span class=\"wixui-rich-text__text\">Berufsfotograf<\/span><\/p>\n<p class=\"font_7 wixui-rich-text__text\" style=\"text-align: left;\"><span class=\"wixui-rich-text__text\"><\/span><\/p>\n<p class=\"font_7 wixui-rich-text__text\" style=\"text-align: left;\"><strong>Webdesign\u00a0<\/strong><br \/>Ing. Patrick Weissb\u00f6ck, MSc.<span class=\"wixui-rich-text__text\"><\/span><\/p>\n<h4 style=\"text-align: left;\">Impressum<\/h4>\n<p style=\"text-align: left;\"><b>Informationen und Offenlegung gem\u00e4\u00df \u00a75 (1) ECG, \u00a7 25 MedienG, \u00a7 63 GewO und \u00a7 14 UGB<\/b><\/p>\n<p style=\"text-align: left;\"><b>Webseitenbetreiber:<\/b><span>\u00a0<\/span>Philipp Ernst Hofbauer<\/p>\n<p style=\"text-align: left;\"><b>Anschrift:<\/b><span>\u00a0<\/span>Teschnergasse 10, 1180 Wien<\/p>\n<p style=\"text-align: left;\"><b>UID-Nr:<\/b><br \/><b>Gewerbeaufsichtbeh\u00f6rde:<\/b><span>\u00a0<\/span>Magistratisches Bezirksamt des XVIII. Bezirkes<br \/><b>Mitgliedschaften:\u00a0<\/b><\/p>\n<p style=\"text-align: left;\"><b>Kontaktdaten:<\/b><br \/>Telefon: 06642042410<br \/>Email: office@hofbauer-wien.at<br \/>Fax:+4319714474<\/p>\n<p style=\"text-align: left;\"><b>Anwendbare Rechtsvorschrift:<\/b><span>\u00a0<\/span>www.ris.bka.gv.at<br \/><b>Berufsbezeichnung:<\/b><span>\u00a0<\/span>Berufsfotograf<\/p>\n<p style=\"text-align: left;\"><b>Online Streitbeilegung:<\/b><span>\u00a0<\/span>Verbraucher, welche in \u00d6sterreich oder in einem sonstigen Vertragsstaat der ODR-VO niedergelassen sind, haben die M\u00f6glichkeit Probleme bez\u00fcglich dem entgeltlichen Kauf von Waren oder Dienstleistungen im Rahmen einer Online-Streitbeilegung (nach OS, AStG) zu l\u00f6sen. Die Europa\u0308ische Kommission stellt eine Plattform hierf\u00fcr bereit: https:\/\/ec.europa.eu\/consumers\/odr<\/p>\n<p style=\"text-align: left;\"><b>Urheberrecht:<\/b><span>\u00a0<\/span>Die Inhalte dieser Webseite unterliegen, soweit dies rechtlich m\u00f6glich ist, diversen Schutzrechten (z.B dem Urheberrecht). Jegliche Verwendung\/Verbreitung von bereitgestelltem Material, welche urheberrechtlich untersagt ist, bedarf schriftlicher Zustimmung des Webseitenbetreibers.<\/p>\n<p style=\"text-align: left;\"><b>Haftungsausschluss:<\/b><span>\u00a0<\/span>Trotz sorgf\u00e4ltiger inhaltlicher Kontrolle \u00fcbernimmt der Webseitenbetreiber dieser Webseite keine Haftung f\u00fcr die Inhalte externer Links. F\u00fcr den Inhalt der verlinkten Seiten sind ausschlie\u00dflich deren Betreiber verantwortlich. Sollten Sie dennoch auf ausgehende Links aufmerksam werden, welche auf eine Webseite mit rechtswidriger T\u00e4tigkeit\/Information verweisen, ersuchen wir um dementsprechenden Hinweis, um diese nach \u00a7 17 Abs. 2 ECG umgehend zu entfernen.<br \/>Die Urheberrechte Dritter werden vom Betreiber dieser Webseite mit gr\u00f6\u00dfter Sorgfalt beachtet. Sollten Sie trotzdem auf eine Urheberrechtsverletzung aufmerksam werden, bitten wir um einen entsprechenden Hinweis. Bei Bekanntwerden derartiger Rechtsverletzungen werden wir den betroffenen Inhalt umgehend entfernen.<\/p>\n<p style=\"text-align: left;\">Quelle:<span>\u00a0<\/span><b><a href=\"https:\/\/www.fairesrecht.at\/kostenlos-impressum-erstellen-generator.php\">Impressum Generator \u00d6sterreich<\/a><\/b><\/p>\n<p class=\"font_7 wixui-rich-text__text\" style=\"text-align: left;\"><span class=\"wixui-rich-text__text\"><span class=\"wixGuard wixui-rich-text__text\">\u200b<\/span><\/span><\/p>[\/et_pb_text][\/et_pb_column][\/et_pb_row][\/et_pb_section]\n","protected":false},"excerpt":{"rendered":"<p>ImpressumImpressumDiese Website geh\u00f6rt: Philipp HofbauerTeschnergasse 10A-1180 Wien+43 664 204 24 10office@hofbauer-wien.at Informationspflicht lt. ECG Kammern &amp; Berufsverb\u00e4ndeWirtschaftkammer \u00d6sterreichMitglied der Innung der Berufsfotografen \u200bBerufsbezeichnungBerufsfotograf Webdesign\u00a0Ing. Patrick Weissb\u00f6ck, MSc. Impressum Informationen und Offenlegung gem\u00e4\u00df \u00a75 (1) ECG, \u00a7 25 MedienG, \u00a7 63 GewO und \u00a7 14 UGB Webseitenbetreiber:\u00a0Philipp Ernst Hofbauer Anschrift:\u00a0Teschnergasse 10, 1180 Wien UID-Nr:Gewerbeaufsichtbeh\u00f6rde:\u00a0Magistratisches Bezirksamt des [&hellip;]<\/p>\n","protected":false},"author":2,"featured_media":0,"parent":0,"menu_order":0,"comment_status":"closed","ping_status":"closed","template":"","meta":{"_et_pb_use_builder":"on","_et_pb_old_content":"","_et_gb_content_width":"","footnotes":""},"class_list":["post-229","page","type-page","status-publish","hentry"],"_links":{"self":[{"href":"https:\/\/www.philipphofbauer.at\/home\/wp-json\/wp\/v2\/pages\/229","targetHints":{"allow":["GET"]}}],"collection":[{"href":"https:\/\/www.philipphofbauer.at\/home\/wp-json\/wp\/v2\/pages"}],"about":[{"href":"https:\/\/www.philipphofbauer.at\/home\/wp-json\/wp\/v2\/types\/page"}],"author":[{"embeddable":true,"href":"https:\/\/www.philipphofbauer.at\/home\/wp-json\/wp\/v2\/users\/2"}],"replies":[{"embeddable":true,"href":"https:\/\/www.philipphofbauer.at\/home\/wp-json\/wp\/v2\/comments?post=229"}],"version-history":[{"count":3,"href":"https:\/\/www.philipphofbauer.at\/home\/wp-json\/wp\/v2\/pages\/229\/revisions"}],"predecessor-version":[{"id":238,"href":"https:\/\/www.philipphofbauer.at\/home\/wp-json\/wp\/v2\/pages\/229\/revisions\/238"}],"wp:attachment":[{"href":"https:\/\/www.philipphofbauer.at\/home\/wp-json\/wp\/v2\/media?parent=229"}],"curies":[{"name":"wp","href":"https:\/\/api.w.org\/{rel}","templated":true}]}}